{"id":360,"date":"2018-03-14T14:29:29","date_gmt":"2018-03-14T12:29:29","guid":{"rendered":"http:\/\/d2.moodley.info\/RoomsAt\/team\/"},"modified":"2026-03-31T13:29:33","modified_gmt":"2026-03-31T11:29:33","slug":"team","status":"publish","type":"page","link":"https:\/\/rooms.co.at\/en\/team\/","title":{"rendered":"Team"},"content":{"rendered":"","protected":false},"excerpt":{"rendered":"","protected":false},"author":1,"featured_media":0,"parent":0,"menu_order":15,"comment_status":"closed","ping_status":"closed","template":"","meta":{"_acf_changed":false,"footnotes":""},"class_list":["post-360","page","type-page","status-publish","hentry"],"acf":[],"yoast_head":"<!-- This site is optimized with the Yoast SEO plugin v26.6 - https:\/\/yoast.com\/wordpress\/plugins\/seo\/ -->\n<title>Unser Team | Rooms Wohnkonzepte<\/title>\n<meta name=\"description\" content=\"Ein Team, eine Vision. Einzigartige Pers\u00f6nlichkeiten erschaffen mit viel Leidenschaft pers\u00f6nliche Raumkonzepte f\u00fcr Sie und Ihren individuellen Wohnraum.\" \/>\n<meta name=\"robots\" content=\"index, follow, max-snippet:-1, max-image-preview:large, max-video-preview:-1\" \/>\n<link rel=\"canonical\" href=\"https:\/\/rooms.co.at\/en\/team\/\" \/>\n<meta name=\"twitter:card\" content=\"summary_large_image\" \/>\n<meta name=\"twitter:title\" content=\"Unser Team | Rooms Wohnkonzepte\" \/>\n<meta name=\"twitter:description\" content=\"Ein Team, eine Vision. Einzigartige Pers\u00f6nlichkeiten erschaffen mit viel Leidenschaft pers\u00f6nliche Raumkonzepte f\u00fcr Sie und Ihren individuellen Wohnraum.\" \/>\n<script type=\"application\/ld+json\" class=\"yoast-schema-graph\">{\"@context\":\"https:\/\/schema.org\",\"@graph\":[{\"@type\":\"WebPage\",\"@id\":\"https:\/\/rooms.co.at\/en\/team\/\",\"url\":\"https:\/\/rooms.co.at\/en\/team\/\",\"name\":\"Unser Team | Rooms Wohnkonzepte\",\"isPartOf\":{\"@id\":\"https:\/\/rooms.co.at\/#website\"},\"datePublished\":\"2018-03-14T12:29:29+00:00\",\"dateModified\":\"2026-03-31T11:29:33+00:00\",\"description\":\"Ein Team, eine Vision. Einzigartige Pers\u00f6nlichkeiten erschaffen mit viel Leidenschaft pers\u00f6nliche Raumkonzepte f\u00fcr Sie und Ihren individuellen Wohnraum.\",\"breadcrumb\":{\"@id\":\"https:\/\/rooms.co.at\/en\/team\/#breadcrumb\"},\"inLanguage\":\"en-US\",\"potentialAction\":[{\"@type\":\"ReadAction\",\"target\":[\"https:\/\/rooms.co.at\/en\/team\/\"]}]},{\"@type\":\"BreadcrumbList\",\"@id\":\"https:\/\/rooms.co.at\/en\/team\/#breadcrumb\",\"itemListElement\":[{\"@type\":\"ListItem\",\"position\":1,\"name\":\"Home\",\"item\":\"https:\/\/rooms.co.at\/en\/\"},{\"@type\":\"ListItem\",\"position\":2,\"name\":\"Team\"}]},{\"@type\":\"WebSite\",\"@id\":\"https:\/\/rooms.co.at\/#website\",\"url\":\"https:\/\/rooms.co.at\/\",\"name\":\"Rooms\",\"description\":\"Fine homes for great people\",\"potentialAction\":[{\"@type\":\"SearchAction\",\"target\":{\"@type\":\"EntryPoint\",\"urlTemplate\":\"https:\/\/rooms.co.at\/?s={search_term_string}\"},\"query-input\":{\"@type\":\"PropertyValueSpecification\",\"valueRequired\":true,\"valueName\":\"search_term_string\"}}],\"inLanguage\":\"en-US\"}]}<\/script>\n<!-- \/ Yoast SEO plugin. -->","yoast_head_json":{"title":"Unser Team | Rooms Wohnkonzepte","description":"Ein Team, eine Vision. Einzigartige Pers\u00f6nlichkeiten erschaffen mit viel Leidenschaft pers\u00f6nliche Raumkonzepte f\u00fcr Sie und Ihren individuellen Wohnraum.","robots":{"index":"index","follow":"follow","max-snippet":"max-snippet:-1","max-image-preview":"max-image-preview:large","max-video-preview":"max-video-preview:-1"},"canonical":"https:\/\/rooms.co.at\/en\/team\/","twitter_card":"summary_large_image","twitter_title":"Unser Team | Rooms Wohnkonzepte","twitter_description":"Ein Team, eine Vision. Einzigartige Pers\u00f6nlichkeiten erschaffen mit viel Leidenschaft pers\u00f6nliche Raumkonzepte f\u00fcr Sie und Ihren individuellen Wohnraum.","schema":{"@context":"https:\/\/schema.org","@graph":[{"@type":"WebPage","@id":"https:\/\/rooms.co.at\/en\/team\/","url":"https:\/\/rooms.co.at\/en\/team\/","name":"Unser Team | Rooms Wohnkonzepte","isPartOf":{"@id":"https:\/\/rooms.co.at\/#website"},"datePublished":"2018-03-14T12:29:29+00:00","dateModified":"2026-03-31T11:29:33+00:00","description":"Ein Team, eine Vision. Einzigartige Pers\u00f6nlichkeiten erschaffen mit viel Leidenschaft pers\u00f6nliche Raumkonzepte f\u00fcr Sie und Ihren individuellen Wohnraum.","breadcrumb":{"@id":"https:\/\/rooms.co.at\/en\/team\/#breadcrumb"},"inLanguage":"en-US","potentialAction":[{"@type":"ReadAction","target":["https:\/\/rooms.co.at\/en\/team\/"]}]},{"@type":"BreadcrumbList","@id":"https:\/\/rooms.co.at\/en\/team\/#breadcrumb","itemListElement":[{"@type":"ListItem","position":1,"name":"Home","item":"https:\/\/rooms.co.at\/en\/"},{"@type":"ListItem","position":2,"name":"Team"}]},{"@type":"WebSite","@id":"https:\/\/rooms.co.at\/#website","url":"https:\/\/rooms.co.at\/","name":"Rooms","description":"Fine homes for great people","potentialAction":[{"@type":"SearchAction","target":{"@type":"EntryPoint","urlTemplate":"https:\/\/rooms.co.at\/?s={search_term_string}"},"query-input":{"@type":"PropertyValueSpecification","valueRequired":true,"valueName":"search_term_string"}}],"inLanguage":"en-US"}]}},"_links":{"self":[{"href":"https:\/\/rooms.co.at\/en\/wp-json\/wp\/v2\/pages\/360","targetHints":{"allow":["GET"]}}],"collection":[{"href":"https:\/\/rooms.co.at\/en\/wp-json\/wp\/v2\/pages"}],"about":[{"href":"https:\/\/rooms.co.at\/en\/wp-json\/wp\/v2\/types\/page"}],"author":[{"embeddable":true,"href":"https:\/\/rooms.co.at\/en\/wp-json\/wp\/v2\/users\/1"}],"replies":[{"embeddable":true,"href":"https:\/\/rooms.co.at\/en\/wp-json\/wp\/v2\/comments?post=360"}],"version-history":[{"count":3,"href":"https:\/\/rooms.co.at\/en\/wp-json\/wp\/v2\/pages\/360\/revisions"}],"predecessor-version":[{"id":6230,"href":"https:\/\/rooms.co.at\/en\/wp-json\/wp\/v2\/pages\/360\/revisions\/6230"}],"wp:attachment":[{"href":"https:\/\/rooms.co.at\/en\/wp-json\/wp\/v2\/media?parent=360"}],"curies":[{"name":"wp","href":"https:\/\/api.w.org\/{rel}","templated":true}]}}