{"id":354,"date":"2014-07-08T14:40:49","date_gmt":"2014-07-08T14:40:49","guid":{"rendered":"http:\/\/d2.moodley.info\/RoomsAt\/home\/"},"modified":"2024-11-29T10:24:23","modified_gmt":"2024-11-29T08:24:23","slug":"home","status":"publish","type":"page","link":"https:\/\/rooms.co.at\/en\/","title":{"rendered":"Home"},"content":{"rendered":"<p>This is an example page. It&#8217;s different from a blog post because it will stay in one place and will show up in your site navigation (in most themes). Most people start with an About page that introduces them to potential site visitors. It might say something like this:<\/p>\n<blockquote><p>Hi there! I&#8217;m a bike messenger by day, aspiring actor by night, and this is my blog. I live in Los Angeles, have a great dog named Jack, and I like pi\u00f1a coladas. (And gettin&#8217; caught in the rain.)<\/p><\/blockquote>\n<p>&#8230;or something like this:<\/p>\n<blockquote><p>The XYZ Doohickey Company was founded in 1971, and has been providing quality doohickeys to the public ever since. Located in Gotham City, XYZ employs over 2,000 people and does all kinds of awesome things for the Gotham community.<\/p><\/blockquote>\n<p>As a new WordPress user, you should go to <a href=\"http:\/\/template.moodley.infoWordPress\/wp-admin\/\">your dashboard<\/a> to delete this page and create new pages for your content. Have fun!<\/p>\n","protected":false},"excerpt":{"rendered":"<p>This is an example page. It&#8217;s different from a blog post because it will stay in one place and will show up in your site navigation (in most themes). Most people start with an About page that introduces them to potential site visitors. It might say something like this: Hi there! I&#8217;m a bike messenger [&hellip;]<\/p>\n","protected":false},"author":1,"featured_media":0,"parent":0,"menu_order":4,"comment_status":"closed","ping_status":"closed","template":"","meta":{"_acf_changed":false,"footnotes":""},"class_list":["post-354","page","type-page","status-publish","hentry"],"acf":[],"yoast_head":"<!-- This site is optimized with the Yoast SEO plugin v26.6 - https:\/\/yoast.com\/wordpress\/plugins\/seo\/ -->\n<title>Rooms - Individuelle Raumgestaltung | Wien &amp; Klagenfurt<\/title>\n<meta name=\"description\" content=\"Erleben Sie stilvolle und unverwechselbare Interior-Konzepte: Rauminszenierung gepr\u00e4gt von Details und \u00c4sthetik. Wir kreieren f\u00fcr Sie pers\u00f6nlich.\" \/>\n<meta name=\"robots\" content=\"index, follow, max-snippet:-1, max-image-preview:large, max-video-preview:-1\" \/>\n<link rel=\"canonical\" href=\"https:\/\/rooms.co.at\/en\/\" \/>\n<meta name=\"twitter:card\" content=\"summary_large_image\" \/>\n<meta name=\"twitter:title\" content=\"Rooms - Individuelle Raumgestaltung | Wien &amp; Klagenfurt\" \/>\n<meta name=\"twitter:description\" content=\"Erleben Sie stilvolle und unverwechselbare Interior-Konzepte: Rauminszenierung gepr\u00e4gt von Details und \u00c4sthetik. Wir kreieren f\u00fcr Sie pers\u00f6nlich.\" \/>\n<meta name=\"twitter:label1\" content=\"Est. reading time\" \/>\n\t<meta name=\"twitter:data1\" content=\"1 minute\" \/>\n<script type=\"application\/ld+json\" class=\"yoast-schema-graph\">{\"@context\":\"https:\/\/schema.org\",\"@graph\":[{\"@type\":\"WebPage\",\"@id\":\"https:\/\/rooms.co.at\/en\/\",\"url\":\"https:\/\/rooms.co.at\/en\/\",\"name\":\"Rooms - Individuelle Raumgestaltung | Wien & Klagenfurt\",\"isPartOf\":{\"@id\":\"https:\/\/rooms.co.at\/#website\"},\"datePublished\":\"2014-07-08T14:40:49+00:00\",\"dateModified\":\"2024-11-29T08:24:23+00:00\",\"description\":\"Erleben Sie stilvolle und unverwechselbare Interior-Konzepte: Rauminszenierung gepr\u00e4gt von Details und \u00c4sthetik. Wir kreieren f\u00fcr Sie pers\u00f6nlich.\",\"breadcrumb\":{\"@id\":\"https:\/\/rooms.co.at\/en\/#breadcrumb\"},\"inLanguage\":\"en-US\",\"potentialAction\":[{\"@type\":\"ReadAction\",\"target\":[\"https:\/\/rooms.co.at\/en\/\"]}]},{\"@type\":\"BreadcrumbList\",\"@id\":\"https:\/\/rooms.co.at\/en\/#breadcrumb\",\"itemListElement\":[{\"@type\":\"ListItem\",\"position\":1,\"name\":\"Home\",\"item\":\"https:\/\/rooms.co.at\/en\/\"},{\"@type\":\"ListItem\",\"position\":2,\"name\":\"Home\"}]},{\"@type\":\"WebSite\",\"@id\":\"https:\/\/rooms.co.at\/#website\",\"url\":\"https:\/\/rooms.co.at\/\",\"name\":\"Rooms\",\"description\":\"Fine homes for great people\",\"potentialAction\":[{\"@type\":\"SearchAction\",\"target\":{\"@type\":\"EntryPoint\",\"urlTemplate\":\"https:\/\/rooms.co.at\/?s={search_term_string}\"},\"query-input\":{\"@type\":\"PropertyValueSpecification\",\"valueRequired\":true,\"valueName\":\"search_term_string\"}}],\"inLanguage\":\"en-US\"}]}<\/script>\n<!-- \/ Yoast SEO plugin. -->","yoast_head_json":{"title":"Rooms - Individuelle Raumgestaltung | Wien & Klagenfurt","description":"Erleben Sie stilvolle und unverwechselbare Interior-Konzepte: Rauminszenierung gepr\u00e4gt von Details und \u00c4sthetik. Wir kreieren f\u00fcr Sie pers\u00f6nlich.","robots":{"index":"index","follow":"follow","max-snippet":"max-snippet:-1","max-image-preview":"max-image-preview:large","max-video-preview":"max-video-preview:-1"},"canonical":"https:\/\/rooms.co.at\/en\/","twitter_card":"summary_large_image","twitter_title":"Rooms - Individuelle Raumgestaltung | Wien & Klagenfurt","twitter_description":"Erleben Sie stilvolle und unverwechselbare Interior-Konzepte: Rauminszenierung gepr\u00e4gt von Details und \u00c4sthetik. Wir kreieren f\u00fcr Sie pers\u00f6nlich.","twitter_misc":{"Est. reading time":"1 minute"},"schema":{"@context":"https:\/\/schema.org","@graph":[{"@type":"WebPage","@id":"https:\/\/rooms.co.at\/en\/","url":"https:\/\/rooms.co.at\/en\/","name":"Rooms - Individuelle Raumgestaltung | Wien & Klagenfurt","isPartOf":{"@id":"https:\/\/rooms.co.at\/#website"},"datePublished":"2014-07-08T14:40:49+00:00","dateModified":"2024-11-29T08:24:23+00:00","description":"Erleben Sie stilvolle und unverwechselbare Interior-Konzepte: Rauminszenierung gepr\u00e4gt von Details und \u00c4sthetik. Wir kreieren f\u00fcr Sie pers\u00f6nlich.","breadcrumb":{"@id":"https:\/\/rooms.co.at\/en\/#breadcrumb"},"inLanguage":"en-US","potentialAction":[{"@type":"ReadAction","target":["https:\/\/rooms.co.at\/en\/"]}]},{"@type":"BreadcrumbList","@id":"https:\/\/rooms.co.at\/en\/#breadcrumb","itemListElement":[{"@type":"ListItem","position":1,"name":"Home","item":"https:\/\/rooms.co.at\/en\/"},{"@type":"ListItem","position":2,"name":"Home"}]},{"@type":"WebSite","@id":"https:\/\/rooms.co.at\/#website","url":"https:\/\/rooms.co.at\/","name":"Rooms","description":"Fine homes for great people","potentialAction":[{"@type":"SearchAction","target":{"@type":"EntryPoint","urlTemplate":"https:\/\/rooms.co.at\/?s={search_term_string}"},"query-input":{"@type":"PropertyValueSpecification","valueRequired":true,"valueName":"search_term_string"}}],"inLanguage":"en-US"}]}},"_links":{"self":[{"href":"https:\/\/rooms.co.at\/en\/wp-json\/wp\/v2\/pages\/354","targetHints":{"allow":["GET"]}}],"collection":[{"href":"https:\/\/rooms.co.at\/en\/wp-json\/wp\/v2\/pages"}],"about":[{"href":"https:\/\/rooms.co.at\/en\/wp-json\/wp\/v2\/types\/page"}],"author":[{"embeddable":true,"href":"https:\/\/rooms.co.at\/en\/wp-json\/wp\/v2\/users\/1"}],"replies":[{"embeddable":true,"href":"https:\/\/rooms.co.at\/en\/wp-json\/wp\/v2\/comments?post=354"}],"version-history":[{"count":3,"href":"https:\/\/rooms.co.at\/en\/wp-json\/wp\/v2\/pages\/354\/revisions"}],"predecessor-version":[{"id":5486,"href":"https:\/\/rooms.co.at\/en\/wp-json\/wp\/v2\/pages\/354\/revisions\/5486"}],"wp:attachment":[{"href":"https:\/\/rooms.co.at\/en\/wp-json\/wp\/v2\/media?parent=354"}],"curies":[{"name":"wp","href":"https:\/\/api.w.org\/{rel}","templated":true}]}}